{"id":894,"date":"2023-03-01T14:47:15","date_gmt":"2023-03-01T14:47:15","guid":{"rendered":"https:\/\/host-105329.webhosting.magentabusiness.at\/wordpress_N\/?page_id=894"},"modified":"2023-03-14T18:01:43","modified_gmt":"2023-03-14T18:01:43","slug":"aromatherapie-erklaerung","status":"publish","type":"page","link":"https:\/\/heilmassage-maja.at\/index.php\/aromatherapie-erklaerung\/","title":{"rendered":"Aromatherapie Erkl\u00e4rung"},"content":{"rendered":"\t\t<div data-elementor-type=\"wp-page\" data-elementor-id=\"894\" class=\"elementor elementor-894\">\n\t\t\t\t\t\t\t\t\t<section class=\"elementor-section elementor-top-section elementor-element elementor-element-7e559eb elementor-section-boxed elementor-section-height-default elementor-section-height-default\" data-id=\"7e559eb\" data-element_type=\"section\">\n\t\t\t\t\t\t<div class=\"elementor-container elementor-column-gap-default\">\n\t\t\t\t\t<div class=\"elementor-column elementor-col-100 elementor-top-column elementor-element elementor-element-2515008\" data-id=\"2515008\" data-element_type=\"column\">\n\t\t\t<div class=\"elementor-widget-wrap elementor-element-populated\">\n\t\t\t\t\t\t\t\t<div class=\"elementor-element elementor-element-3259e2f elementor-widget elementor-widget-image\" data-id=\"3259e2f\" data-element_type=\"widget\" data-widget_type=\"image.default\">\n\t\t\t\t<div class=\"elementor-widget-container\">\n\t\t\t<style>\/*! elementor - v3.11.5 - 14-03-2023 *\/\n.elementor-widget-image{text-align:center}.elementor-widget-image a{display:inline-block}.elementor-widget-image a img[src$=\".svg\"]{width:48px}.elementor-widget-image img{vertical-align:middle;display:inline-block}<\/style>\t\t\t\t\t\t\t\t\t\t\t\t<img loading=\"lazy\" decoding=\"async\" width=\"1024\" height=\"683\" src=\"https:\/\/heilmassage-maja.at\/wp-content\/uploads\/2023\/03\/MajaStrobl-91quer-1-OeL-1024x683.jpg\" class=\"attachment-large size-large wp-image-851\" alt=\"\" srcset=\"https:\/\/heilmassage-maja.at\/wp-content\/uploads\/2023\/03\/MajaStrobl-91quer-1-OeL-1024x683.jpg 1024w, https:\/\/heilmassage-maja.at\/wp-content\/uploads\/2023\/03\/MajaStrobl-91quer-1-OeL-300x200.jpg 300w, https:\/\/heilmassage-maja.at\/wp-content\/uploads\/2023\/03\/MajaStrobl-91quer-1-OeL-768x512.jpg 768w, https:\/\/heilmassage-maja.at\/wp-content\/uploads\/2023\/03\/MajaStrobl-91quer-1-OeL-1536x1024.jpg 1536w, https:\/\/heilmassage-maja.at\/wp-content\/uploads\/2023\/03\/MajaStrobl-91quer-1-OeL-2048x1365.jpg 2048w\" sizes=\"auto, (max-width: 1024px) 100vw, 1024px\" \/>\t\t\t\t\t\t\t\t\t\t\t\t\t\t\t<\/div>\n\t\t\t\t<\/div>\n\t\t\t\t\t<\/div>\n\t\t<\/div>\n\t\t\t\t\t\t\t<\/div>\n\t\t<\/section>\n\t\t\t\t<section class=\"elementor-section elementor-top-section elementor-element elementor-element-d06d949 elementor-section-boxed elementor-section-height-default elementor-section-height-default\" data-id=\"d06d949\" data-element_type=\"section\">\n\t\t\t\t\t\t<div class=\"elementor-container elementor-column-gap-default\">\n\t\t\t\t\t<div class=\"elementor-column elementor-col-100 elementor-top-column elementor-element elementor-element-513de29\" data-id=\"513de29\" data-element_type=\"column\">\n\t\t\t<div class=\"elementor-widget-wrap elementor-element-populated\">\n\t\t\t\t\t\t\t\t<div class=\"elementor-element elementor-element-0768b4f elementor-widget elementor-widget-spacer\" data-id=\"0768b4f\" data-element_type=\"widget\" data-widget_type=\"spacer.default\">\n\t\t\t\t<div class=\"elementor-widget-container\">\n\t\t\t<style>\/*! elementor - v3.11.5 - 14-03-2023 *\/\n.elementor-column .elementor-spacer-inner{height:var(--spacer-size)}.e-con{--container-widget-width:100%}.e-con-inner>.elementor-widget-spacer,.e-con>.elementor-widget-spacer{width:var(--container-widget-width,var(--spacer-size));--align-self:var(--container-widget-align-self,initial);--flex-shrink:0}.e-con-inner>.elementor-widget-spacer>.elementor-widget-container,.e-con-inner>.elementor-widget-spacer>.elementor-widget-container>.elementor-spacer,.e-con>.elementor-widget-spacer>.elementor-widget-container,.e-con>.elementor-widget-spacer>.elementor-widget-container>.elementor-spacer{height:100%}.e-con-inner>.elementor-widget-spacer>.elementor-widget-container>.elementor-spacer>.elementor-spacer-inner,.e-con>.elementor-widget-spacer>.elementor-widget-container>.elementor-spacer>.elementor-spacer-inner{height:var(--container-widget-height,var(--spacer-size))}<\/style>\t\t<div class=\"elementor-spacer\">\n\t\t\t<div class=\"elementor-spacer-inner\"><\/div>\n\t\t<\/div>\n\t\t\t\t<\/div>\n\t\t\t\t<\/div>\n\t\t\t\t\t<\/div>\n\t\t<\/div>\n\t\t\t\t\t\t\t<\/div>\n\t\t<\/section>\n\t\t\t\t<section class=\"elementor-section elementor-top-section elementor-element elementor-element-a7bf17e elementor-section-boxed elementor-section-height-default elementor-section-height-default\" data-id=\"a7bf17e\" data-element_type=\"section\">\n\t\t\t\t\t\t<div class=\"elementor-container elementor-column-gap-default\">\n\t\t\t\t\t<div class=\"elementor-column elementor-col-100 elementor-top-column elementor-element elementor-element-a05d59e\" data-id=\"a05d59e\" data-element_type=\"column\">\n\t\t\t<div class=\"elementor-widget-wrap elementor-element-populated\">\n\t\t\t\t\t\t\t\t<div class=\"elementor-element elementor-element-b4a9e94 elementor-widget elementor-widget-heading\" data-id=\"b4a9e94\" data-element_type=\"widget\" data-widget_type=\"heading.default\">\n\t\t\t\t<div class=\"elementor-widget-container\">\n\t\t\t<style>\/*! elementor - v3.11.5 - 14-03-2023 *\/\n.elementor-heading-title{padding:0;margin:0;line-height:1}.elementor-widget-heading .elementor-heading-title[class*=elementor-size-]>a{color:inherit;font-size:inherit;line-height:inherit}.elementor-widget-heading .elementor-heading-title.elementor-size-small{font-size:15px}.elementor-widget-heading .elementor-heading-title.elementor-size-medium{font-size:19px}.elementor-widget-heading .elementor-heading-title.elementor-size-large{font-size:29px}.elementor-widget-heading .elementor-heading-title.elementor-size-xl{font-size:39px}.elementor-widget-heading .elementor-heading-title.elementor-size-xxl{font-size:59px}<\/style><h2 class=\"elementor-heading-title elementor-size-default\">Aroma\u00f6lmassage<\/h2>\t\t<\/div>\n\t\t\t\t<\/div>\n\t\t\t\t<div class=\"elementor-element elementor-element-41a2bbf elementor-widget elementor-widget-text-editor\" data-id=\"41a2bbf\" data-element_type=\"widget\" data-widget_type=\"text-editor.default\">\n\t\t\t\t<div class=\"elementor-widget-container\">\n\t\t\t<style>\/*! elementor - v3.11.5 - 14-03-2023 *\/\n.elementor-widget-text-editor.elementor-drop-cap-view-stacked .elementor-drop-cap{background-color:#818a91;color:#fff}.elementor-widget-text-editor.elementor-drop-cap-view-framed .elementor-drop-cap{color:#818a91;border:3px solid;background-color:transparent}.elementor-widget-text-editor:not(.elementor-drop-cap-view-default) .elementor-drop-cap{margin-top:8px}.elementor-widget-text-editor:not(.elementor-drop-cap-view-default) .elementor-drop-cap-letter{width:1em;height:1em}.elementor-widget-text-editor .elementor-drop-cap{float:left;text-align:center;line-height:1;font-size:50px}.elementor-widget-text-editor .elementor-drop-cap-letter{display:inline-block}<\/style>\t\t\t\t<p>Die Aroma\u00f6lmassage verw\u00f6hnt den K\u00f6rper, Seele und Geist, gleicherma\u00dfen.<\/p><p>Das Erfolgsgeheimnis der Aromamassage liegt im limbischen System des Menschen, wo Emotionen und Erinnerungen gespeichert werden.<\/p><p>Die \u00e4therischen \u00d6le gehen tief unter die Haut und verbreiten sich \u00fcber die Nervenbahnen und den Blutkreislauf im gesamten menschlichen Organismus. Der Stresspegel sinkt und die typischen Stress-Symptome wie Nervenleiden, Angstzust\u00e4nde, innere Unruhe und Schlafst\u00f6rungen l\u00f6sen sich allm\u00e4hlich auf.\u00a0 \u00a0\u00a0<\/p>\t\t\t\t\t\t<\/div>\n\t\t\t\t<\/div>\n\t\t\t\t<div class=\"elementor-element elementor-element-545cb8e elementor-align-center elementor-widget elementor-widget-button\" data-id=\"545cb8e\" data-element_type=\"widget\" data-widget_type=\"button.default\">\n\t\t\t\t<div class=\"elementor-widget-container\">\n\t\t\t\t\t<div class=\"elementor-button-wrapper\">\n\t\t\t<a href=\"https:\/\/heilmassage-maja.at\/\" class=\"elementor-button-link elementor-button elementor-size-sm\" role=\"button\">\n\t\t\t\t\t\t<span class=\"elementor-button-content-wrapper\">\n\t\t\t\t\t\t<span class=\"elementor-button-text\">Zur\u00fcck zur Startseite<\/span>\n\t\t<\/span>\n\t\t\t\t\t<\/a>\n\t\t<\/div>\n\t\t\t\t<\/div>\n\t\t\t\t<\/div>\n\t\t\t\t\t<\/div>\n\t\t<\/div>\n\t\t\t\t\t\t\t<\/div>\n\t\t<\/section>\n\t\t\t\t<section class=\"elementor-section elementor-top-section elementor-element elementor-element-0b6abfc elementor-section-boxed elementor-section-height-default elementor-section-height-default\" data-id=\"0b6abfc\" data-element_type=\"section\">\n\t\t\t\t\t\t<div class=\"elementor-container elementor-column-gap-default\">\n\t\t\t\t\t<div class=\"elementor-column elementor-col-100 elementor-top-column elementor-element elementor-element-d2b2ac6\" data-id=\"d2b2ac6\" data-element_type=\"column\">\n\t\t\t<div class=\"elementor-widget-wrap elementor-element-populated\">\n\t\t\t\t\t\t\t\t<div class=\"elementor-element elementor-element-963fe89 elementor-widget elementor-widget-spacer\" data-id=\"963fe89\" data-element_type=\"widget\" data-widget_type=\"spacer.default\">\n\t\t\t\t<div class=\"elementor-widget-container\">\n\t\t\t\t\t<div class=\"elementor-spacer\">\n\t\t\t<div class=\"elementor-spacer-inner\"><\/div>\n\t\t<\/div>\n\t\t\t\t<\/div>\n\t\t\t\t<\/div>\n\t\t\t\t\t<\/div>\n\t\t<\/div>\n\t\t\t\t\t\t\t<\/div>\n\t\t<\/section>\n\t\t\t\t<section class=\"elementor-section elementor-top-section elementor-element elementor-element-6ad41ca elementor-section-boxed elementor-section-height-default elementor-section-height-default\" data-id=\"6ad41ca\" data-element_type=\"section\">\n\t\t\t\t\t\t<div class=\"elementor-container elementor-column-gap-default\">\n\t\t\t\t\t<div class=\"elementor-column elementor-col-50 elementor-top-column elementor-element elementor-element-14b290d\" data-id=\"14b290d\" data-element_type=\"column\">\n\t\t\t<div class=\"elementor-widget-wrap elementor-element-populated\">\n\t\t\t\t\t\t\t\t<div class=\"elementor-element elementor-element-e8b0dba elementor-widget elementor-widget-image\" data-id=\"e8b0dba\" data-element_type=\"widget\" data-widget_type=\"image.default\">\n\t\t\t\t<div class=\"elementor-widget-container\">\n\t\t\t\t\t\t\t\t\t\t\t\t\t\t\t<img loading=\"lazy\" decoding=\"async\" width=\"1024\" height=\"683\" src=\"https:\/\/heilmassage-maja.at\/wp-content\/uploads\/2023\/03\/MajaStrobl-Oel-1-1024x683.jpg\" class=\"attachment-large size-large wp-image-908\" alt=\"\" srcset=\"https:\/\/heilmassage-maja.at\/wp-content\/uploads\/2023\/03\/MajaStrobl-Oel-1-1024x683.jpg 1024w, https:\/\/heilmassage-maja.at\/wp-content\/uploads\/2023\/03\/MajaStrobl-Oel-1-300x200.jpg 300w, https:\/\/heilmassage-maja.at\/wp-content\/uploads\/2023\/03\/MajaStrobl-Oel-1-768x512.jpg 768w, https:\/\/heilmassage-maja.at\/wp-content\/uploads\/2023\/03\/MajaStrobl-Oel-1-1536x1024.jpg 1536w, https:\/\/heilmassage-maja.at\/wp-content\/uploads\/2023\/03\/MajaStrobl-Oel-1-2048x1365.jpg 2048w\" sizes=\"auto, (max-width: 1024px) 100vw, 1024px\" \/>\t\t\t\t\t\t\t\t\t\t\t\t\t\t\t<\/div>\n\t\t\t\t<\/div>\n\t\t\t\t\t<\/div>\n\t\t<\/div>\n\t\t\t\t<div class=\"elementor-column elementor-col-50 elementor-top-column elementor-element elementor-element-c48554b\" data-id=\"c48554b\" data-element_type=\"column\">\n\t\t\t<div class=\"elementor-widget-wrap elementor-element-populated\">\n\t\t\t\t\t\t\t\t<div class=\"elementor-element elementor-element-cbc7780 elementor-widget elementor-widget-image\" data-id=\"cbc7780\" data-element_type=\"widget\" data-widget_type=\"image.default\">\n\t\t\t\t<div class=\"elementor-widget-container\">\n\t\t\t\t\t\t\t\t\t\t\t\t\t\t\t<img loading=\"lazy\" decoding=\"async\" width=\"1024\" height=\"683\" src=\"https:\/\/heilmassage-maja.at\/wp-content\/uploads\/2023\/03\/MajaStrobl-Oel-2-1024x683.jpg\" class=\"attachment-large size-large wp-image-909\" alt=\"\" srcset=\"https:\/\/heilmassage-maja.at\/wp-content\/uploads\/2023\/03\/MajaStrobl-Oel-2-1024x683.jpg 1024w, https:\/\/heilmassage-maja.at\/wp-content\/uploads\/2023\/03\/MajaStrobl-Oel-2-300x200.jpg 300w, https:\/\/heilmassage-maja.at\/wp-content\/uploads\/2023\/03\/MajaStrobl-Oel-2-768x512.jpg 768w, https:\/\/heilmassage-maja.at\/wp-content\/uploads\/2023\/03\/MajaStrobl-Oel-2-1536x1024.jpg 1536w, https:\/\/heilmassage-maja.at\/wp-content\/uploads\/2023\/03\/MajaStrobl-Oel-2-2048x1365.jpg 2048w\" sizes=\"auto, (max-width: 1024px) 100vw, 1024px\" \/>\t\t\t\t\t\t\t\t\t\t\t\t\t\t\t<\/div>\n\t\t\t\t<\/div>\n\t\t\t\t\t<\/div>\n\t\t<\/div>\n\t\t\t\t\t\t\t<\/div>\n\t\t<\/section>\n\t\t\t\t<section class=\"elementor-section elementor-top-section elementor-element elementor-element-844e703 elementor-section-boxed elementor-section-height-default elementor-section-height-default\" data-id=\"844e703\" data-element_type=\"section\">\n\t\t\t\t\t\t<div class=\"elementor-container elementor-column-gap-default\">\n\t\t\t\t\t<div class=\"elementor-column elementor-col-100 elementor-top-column elementor-element elementor-element-b557bed\" data-id=\"b557bed\" data-element_type=\"column\">\n\t\t\t<div class=\"elementor-widget-wrap elementor-element-populated\">\n\t\t\t\t\t\t\t\t<div class=\"elementor-element elementor-element-9267777 elementor-widget elementor-widget-image\" data-id=\"9267777\" data-element_type=\"widget\" data-widget_type=\"image.default\">\n\t\t\t\t<div class=\"elementor-widget-container\">\n\t\t\t\t\t\t\t\t\t\t\t\t\t\t\t<img loading=\"lazy\" decoding=\"async\" width=\"683\" height=\"1024\" src=\"https:\/\/heilmassage-maja.at\/wp-content\/uploads\/2023\/03\/MajaStrobl-Oel-3-683x1024.jpg\" class=\"attachment-large size-large wp-image-910\" alt=\"\" srcset=\"https:\/\/heilmassage-maja.at\/wp-content\/uploads\/2023\/03\/MajaStrobl-Oel-3-683x1024.jpg 683w, https:\/\/heilmassage-maja.at\/wp-content\/uploads\/2023\/03\/MajaStrobl-Oel-3-200x300.jpg 200w, https:\/\/heilmassage-maja.at\/wp-content\/uploads\/2023\/03\/MajaStrobl-Oel-3-768x1152.jpg 768w, https:\/\/heilmassage-maja.at\/wp-content\/uploads\/2023\/03\/MajaStrobl-Oel-3-1024x1536.jpg 1024w, https:\/\/heilmassage-maja.at\/wp-content\/uploads\/2023\/03\/MajaStrobl-Oel-3-1365x2048.jpg 1365w, https:\/\/heilmassage-maja.at\/wp-content\/uploads\/2023\/03\/MajaStrobl-Oel-3-scaled.jpg 1707w\" sizes=\"auto, (max-width: 683px) 100vw, 683px\" \/>\t\t\t\t\t\t\t\t\t\t\t\t\t\t\t<\/div>\n\t\t\t\t<\/div>\n\t\t\t\t\t<\/div>\n\t\t<\/div>\n\t\t\t\t\t\t\t<\/div>\n\t\t<\/section>\n\t\t\t\t\t\t\t<\/div>\n\t\t","protected":false},"excerpt":{"rendered":"<p>Aroma\u00f6lmassage Die Aroma\u00f6lmassage verw\u00f6hnt den K\u00f6rper, Seele und Geist, gleicherma\u00dfen. Das Erfolgsgeheimnis der Aromamassage liegt im limbischen System des Menschen, wo Emotionen und Erinnerungen gespeichert werden. Die \u00e4therischen \u00d6le gehen tief unter die Haut und verbreiten sich \u00fcber die Nervenbahnen und den Blutkreislauf im gesamten menschlichen Organismus. Der Stresspegel sinkt und die typischen Stress-Symptome wie [&hellip;]<\/p>\n","protected":false},"author":1,"featured_media":0,"parent":0,"menu_order":0,"comment_status":"closed","ping_status":"closed","template":"","meta":{"footnotes":""},"class_list":["post-894","page","type-page","status-publish","hentry","entry"],"yoast_head":"<!-- This site is optimized with the Yoast SEO plugin v20.3 - https:\/\/yoast.com\/wordpress\/plugins\/seo\/ -->\n<title>Aromatherapie Erkl\u00e4rung - Majas Heilmassage<\/title>\n<meta name=\"robots\" content=\"index, follow, max-snippet:-1, max-image-preview:large, max-video-preview:-1\" \/>\n<link rel=\"canonical\" href=\"https:\/\/heilmassage-maja.at\/index.php\/aromatherapie-erklaerung\/\" \/>\n<meta property=\"og:locale\" content=\"de_DE\" \/>\n<meta property=\"og:type\" content=\"article\" \/>\n<meta property=\"og:title\" content=\"Aromatherapie Erkl\u00e4rung - Majas Heilmassage\" \/>\n<meta property=\"og:description\" content=\"Aroma\u00f6lmassage Die Aroma\u00f6lmassage verw\u00f6hnt den K\u00f6rper, Seele und Geist, gleicherma\u00dfen. Das Erfolgsgeheimnis der Aromamassage liegt im limbischen System des Menschen, wo Emotionen und Erinnerungen gespeichert werden. Die \u00e4therischen \u00d6le gehen tief unter die Haut und verbreiten sich \u00fcber die Nervenbahnen und den Blutkreislauf im gesamten menschlichen Organismus. Der Stresspegel sinkt und die typischen Stress-Symptome wie [&hellip;]\" \/>\n<meta property=\"og:url\" content=\"https:\/\/heilmassage-maja.at\/index.php\/aromatherapie-erklaerung\/\" \/>\n<meta property=\"og:site_name\" content=\"Majas Heilmassage\" \/>\n<meta property=\"article:modified_time\" content=\"2023-03-14T18:01:43+00:00\" \/>\n<meta property=\"og:image\" content=\"https:\/\/heilmassage-maja.at\/wp-content\/uploads\/2023\/03\/MajaStrobl-91quer-1-OeL-1024x683.jpg\" \/>\n<meta name=\"twitter:card\" content=\"summary_large_image\" \/>\n<meta name=\"twitter:label1\" content=\"Gesch\u00e4tzte Lesezeit\" \/>\n\t<meta name=\"twitter:data1\" content=\"2 Minuten\" \/>\n<script type=\"application\/ld+json\" class=\"yoast-schema-graph\">{\"@context\":\"https:\/\/schema.org\",\"@graph\":[{\"@type\":\"WebPage\",\"@id\":\"https:\/\/heilmassage-maja.at\/index.php\/aromatherapie-erklaerung\/\",\"url\":\"https:\/\/heilmassage-maja.at\/index.php\/aromatherapie-erklaerung\/\",\"name\":\"Aromatherapie Erkl\u00e4rung - Majas Heilmassage\",\"isPartOf\":{\"@id\":\"https:\/\/heilmassage-maja.at\/#website\"},\"datePublished\":\"2023-03-01T14:47:15+00:00\",\"dateModified\":\"2023-03-14T18:01:43+00:00\",\"breadcrumb\":{\"@id\":\"https:\/\/heilmassage-maja.at\/index.php\/aromatherapie-erklaerung\/#breadcrumb\"},\"inLanguage\":\"de-AT\",\"potentialAction\":[{\"@type\":\"ReadAction\",\"target\":[\"https:\/\/heilmassage-maja.at\/index.php\/aromatherapie-erklaerung\/\"]}]},{\"@type\":\"BreadcrumbList\",\"@id\":\"https:\/\/heilmassage-maja.at\/index.php\/aromatherapie-erklaerung\/#breadcrumb\",\"itemListElement\":[{\"@type\":\"ListItem\",\"position\":1,\"name\":\"Startseite\",\"item\":\"https:\/\/heilmassage-maja.at\/\"},{\"@type\":\"ListItem\",\"position\":2,\"name\":\"Aromatherapie Erkl\u00e4rung\"}]},{\"@type\":\"WebSite\",\"@id\":\"https:\/\/heilmassage-maja.at\/#website\",\"url\":\"https:\/\/heilmassage-maja.at\/\",\"name\":\"Majas Heilmassage\",\"description\":\"\",\"publisher\":{\"@id\":\"https:\/\/heilmassage-maja.at\/#organization\"},\"potentialAction\":[{\"@type\":\"SearchAction\",\"target\":{\"@type\":\"EntryPoint\",\"urlTemplate\":\"https:\/\/heilmassage-maja.at\/?s={search_term_string}\"},\"query-input\":\"required name=search_term_string\"}],\"inLanguage\":\"de-AT\"},{\"@type\":\"Organization\",\"@id\":\"https:\/\/heilmassage-maja.at\/#organization\",\"name\":\"Majas Heilmassage\",\"url\":\"https:\/\/heilmassage-maja.at\/\",\"logo\":{\"@type\":\"ImageObject\",\"inLanguage\":\"de-AT\",\"@id\":\"https:\/\/heilmassage-maja.at\/#\/schema\/logo\/image\/\",\"url\":\"https:\/\/heilmassage-maja.at\/wp-content\/uploads\/2022\/12\/Logo_MAJA_quer_cmyk.jpg\",\"contentUrl\":\"https:\/\/heilmassage-maja.at\/wp-content\/uploads\/2022\/12\/Logo_MAJA_quer_cmyk.jpg\",\"width\":2362,\"height\":827,\"caption\":\"Majas Heilmassage\"},\"image\":{\"@id\":\"https:\/\/heilmassage-maja.at\/#\/schema\/logo\/image\/\"}}]}<\/script>\n<!-- \/ Yoast SEO plugin. -->","yoast_head_json":{"title":"Aromatherapie Erkl\u00e4rung - Majas Heilmassage","robots":{"index":"index","follow":"follow","max-snippet":"max-snippet:-1","max-image-preview":"max-image-preview:large","max-video-preview":"max-video-preview:-1"},"canonical":"https:\/\/heilmassage-maja.at\/index.php\/aromatherapie-erklaerung\/","og_locale":"de_DE","og_type":"article","og_title":"Aromatherapie Erkl\u00e4rung - Majas Heilmassage","og_description":"Aroma\u00f6lmassage Die Aroma\u00f6lmassage verw\u00f6hnt den K\u00f6rper, Seele und Geist, gleicherma\u00dfen. Das Erfolgsgeheimnis der Aromamassage liegt im limbischen System des Menschen, wo Emotionen und Erinnerungen gespeichert werden. Die \u00e4therischen \u00d6le gehen tief unter die Haut und verbreiten sich \u00fcber die Nervenbahnen und den Blutkreislauf im gesamten menschlichen Organismus. Der Stresspegel sinkt und die typischen Stress-Symptome wie [&hellip;]","og_url":"https:\/\/heilmassage-maja.at\/index.php\/aromatherapie-erklaerung\/","og_site_name":"Majas Heilmassage","article_modified_time":"2023-03-14T18:01:43+00:00","og_image":[{"url":"https:\/\/heilmassage-maja.at\/wp-content\/uploads\/2023\/03\/MajaStrobl-91quer-1-OeL-1024x683.jpg"}],"twitter_card":"summary_large_image","twitter_misc":{"Gesch\u00e4tzte Lesezeit":"2 Minuten"},"schema":{"@context":"https:\/\/schema.org","@graph":[{"@type":"WebPage","@id":"https:\/\/heilmassage-maja.at\/index.php\/aromatherapie-erklaerung\/","url":"https:\/\/heilmassage-maja.at\/index.php\/aromatherapie-erklaerung\/","name":"Aromatherapie Erkl\u00e4rung - Majas Heilmassage","isPartOf":{"@id":"https:\/\/heilmassage-maja.at\/#website"},"datePublished":"2023-03-01T14:47:15+00:00","dateModified":"2023-03-14T18:01:43+00:00","breadcrumb":{"@id":"https:\/\/heilmassage-maja.at\/index.php\/aromatherapie-erklaerung\/#breadcrumb"},"inLanguage":"de-AT","potentialAction":[{"@type":"ReadAction","target":["https:\/\/heilmassage-maja.at\/index.php\/aromatherapie-erklaerung\/"]}]},{"@type":"BreadcrumbList","@id":"https:\/\/heilmassage-maja.at\/index.php\/aromatherapie-erklaerung\/#breadcrumb","itemListElement":[{"@type":"ListItem","position":1,"name":"Startseite","item":"https:\/\/heilmassage-maja.at\/"},{"@type":"ListItem","position":2,"name":"Aromatherapie Erkl\u00e4rung"}]},{"@type":"WebSite","@id":"https:\/\/heilmassage-maja.at\/#website","url":"https:\/\/heilmassage-maja.at\/","name":"Majas Heilmassage","description":"","publisher":{"@id":"https:\/\/heilmassage-maja.at\/#organization"},"potentialAction":[{"@type":"SearchAction","target":{"@type":"EntryPoint","urlTemplate":"https:\/\/heilmassage-maja.at\/?s={search_term_string}"},"query-input":"required name=search_term_string"}],"inLanguage":"de-AT"},{"@type":"Organization","@id":"https:\/\/heilmassage-maja.at\/#organization","name":"Majas Heilmassage","url":"https:\/\/heilmassage-maja.at\/","logo":{"@type":"ImageObject","inLanguage":"de-AT","@id":"https:\/\/heilmassage-maja.at\/#\/schema\/logo\/image\/","url":"https:\/\/heilmassage-maja.at\/wp-content\/uploads\/2022\/12\/Logo_MAJA_quer_cmyk.jpg","contentUrl":"https:\/\/heilmassage-maja.at\/wp-content\/uploads\/2022\/12\/Logo_MAJA_quer_cmyk.jpg","width":2362,"height":827,"caption":"Majas Heilmassage"},"image":{"@id":"https:\/\/heilmassage-maja.at\/#\/schema\/logo\/image\/"}}]}},"_links":{"self":[{"href":"https:\/\/heilmassage-maja.at\/index.php\/wp-json\/wp\/v2\/pages\/894","targetHints":{"allow":["GET"]}}],"collection":[{"href":"https:\/\/heilmassage-maja.at\/index.php\/wp-json\/wp\/v2\/pages"}],"about":[{"href":"https:\/\/heilmassage-maja.at\/index.php\/wp-json\/wp\/v2\/types\/page"}],"author":[{"embeddable":true,"href":"https:\/\/heilmassage-maja.at\/index.php\/wp-json\/wp\/v2\/users\/1"}],"replies":[{"embeddable":true,"href":"https:\/\/heilmassage-maja.at\/index.php\/wp-json\/wp\/v2\/comments?post=894"}],"version-history":[{"count":71,"href":"https:\/\/heilmassage-maja.at\/index.php\/wp-json\/wp\/v2\/pages\/894\/revisions"}],"predecessor-version":[{"id":1131,"href":"https:\/\/heilmassage-maja.at\/index.php\/wp-json\/wp\/v2\/pages\/894\/revisions\/1131"}],"wp:attachment":[{"href":"https:\/\/heilmassage-maja.at\/index.php\/wp-json\/wp\/v2\/media?parent=894"}],"curies":[{"name":"wp","href":"https:\/\/api.w.org\/{rel}","templated":true}]}}